{"id":347,"date":"2023-05-06T12:24:33","date_gmt":"2023-05-06T10:24:33","guid":{"rendered":"https:\/\/lscourtage87.fr\/?page_id=347"},"modified":"2023-05-06T12:35:43","modified_gmt":"2023-05-06T10:35:43","slug":"contact-habitat","status":"publish","type":"page","link":"https:\/\/lscourtage87.fr\/index.php\/contact-habitat\/","title":{"rendered":"Contact habitat"},"content":{"rendered":"<p>[et_pb_section fb_built=\u00a0\u00bb1&Prime; custom_padding_last_edited=\u00a0\u00bbon|tablet\u00a0\u00bb admin_label=\u00a0\u00bbHero\u00a0\u00bb _builder_version=\u00a0\u00bb4.16&Prime; background_image=\u00a0\u00bbhttps:\/\/lscourtage87.fr\/wp-content\/uploads\/2023\/04\/business-coach-0023.jpg\u00a0\u00bb custom_padding=\u00a0\u00bb6vw|0px|14vw|0px|false|false\u00a0\u00bb custom_padding_tablet=\u00a0\u00bb||6vw|\u00a0\u00bb custom_padding_phone=\u00a0\u00bb\u00a0\u00bb global_colors_info=\u00a0\u00bb{}\u00a0\u00bb][et_pb_row _builder_version=\u00a0\u00bb4.16&Prime; global_colors_info=\u00a0\u00bb{}\u00a0\u00bb][et_pb_column type=\u00a0\u00bb4_4&Prime; _builder_version=\u00a0\u00bb4.16&Prime; custom_padding=\u00a0\u00bb|||\u00a0\u00bb global_colors_info=\u00a0\u00bb{}\u00a0\u00bb custom_padding__hover=\u00a0\u00bb|||\u00a0\u00bb][et_pb_text _builder_version=\u00a0\u00bb4.20.4&Prime; text_font=\u00a0\u00bbPoppins|700|||||||\u00a0\u00bb text_text_color=\u00a0\u00bb#FFFFFF\u00a0\u00bb text_font_size=\u00a0\u00bb40px\u00a0\u00bb text_line_height=\u00a0\u00bb1.8em\u00a0\u00bb ul_font=\u00a0\u00bb||||||||\u00a0\u00bb ol_font=\u00a0\u00bb||||||||\u00a0\u00bb header_font=\u00a0\u00bbPlayfair Display|700|||||||\u00a0\u00bb header_font_size=\u00a0\u00bb70px\u00a0\u00bb header_line_height=\u00a0\u00bb1.5em\u00a0\u00bb header_2_font=\u00a0\u00bb||||||||\u00a0\u00bb header_3_font=\u00a0\u00bbLato|700||on|||||\u00a0\u00bb header_3_text_color=\u00a0\u00bb#ffffff\u00a0\u00bb header_3_font_size=\u00a0\u00bb20px\u00a0\u00bb header_3_line_height=\u00a0\u00bb1.5em\u00a0\u00bb header_4_font=\u00a0\u00bb||||||||\u00a0\u00bb header_5_font=\u00a0\u00bbPoppins||||||||\u00a0\u00bb header_6_font=\u00a0\u00bb||||||||\u00a0\u00bb text_orientation=\u00a0\u00bbcenter\u00a0\u00bb background_layout=\u00a0\u00bbdark\u00a0\u00bb custom_margin=\u00a0\u00bb|||\u00a0\u00bb header_font_size_tablet=\u00a0\u00bb50px\u00a0\u00bb header_font_size_phone=\u00a0\u00bb32px\u00a0\u00bb header_font_size_last_edited=\u00a0\u00bbon|tablet\u00a0\u00bb header_3_font_size_tablet=\u00a0\u00bb50px\u00a0\u00bb header_3_font_size_phone=\u00a0\u00bb32px\u00a0\u00bb header_3_font_size_last_edited=\u00a0\u00bboff|desktop\u00a0\u00bb locked=\u00a0\u00bboff\u00a0\u00bb global_colors_info=\u00a0\u00bb{}\u00a0\u00bb]<\/p>\n<p>Vous souhaitez b\u00e9n\u00e9ficier de nos conseils ?<\/p>\n<h5>Laissez-nous un message avec votre demande, nous reviendrons vers vous rapidement<\/h5>\n<p>[\/et_pb_text][\/et_pb_column][\/et_pb_row][\/et_pb_section][et_pb_section fb_built=\u00a0\u00bb1&Prime; admin_label=\u00a0\u00bbContact\u00a0\u00bb _builder_version=\u00a0\u00bb4.20.4&Prime; custom_margin=\u00a0\u00bb|||\u00a0\u00bb custom_padding=\u00a0\u00bb50px|0px|100px|0px|false|false\u00a0\u00bb global_colors_info=\u00a0\u00bb{}\u00a0\u00bb][et_pb_row column_structure=\u00a0\u00bb1_3,2_3&Prime; custom_padding_last_edited=\u00a0\u00bbon|phone\u00a0\u00bb _builder_version=\u00a0\u00bb4.20.4&Prime; background_color=\u00a0\u00bb#3DB8CC\u00a0\u00bb custom_margin=\u00a0\u00bb-150px|||\u00a0\u00bb custom_margin_tablet=\u00a0\u00bb0px|||\u00a0\u00bb custom_margin_phone=\u00a0\u00bb|||\u00a0\u00bb custom_margin_last_edited=\u00a0\u00bbon|tablet\u00a0\u00bb custom_padding=\u00a0\u00bb80px|4%|80px|4%|true|true\u00a0\u00bb custom_padding_tablet=\u00a0\u00bb|50px||50px||true\u00a0\u00bb custom_padding_phone=\u00a0\u00bb24px|24px|24px|24px|true|true\u00a0\u00bb animation_style=\u00a0\u00bbzoom\u00a0\u00bb animation_intensity_zoom=\u00a0\u00bb2%\u00a0\u00bb box_shadow_style=\u00a0\u00bbpreset3&Prime; box_shadow_vertical=\u00a0\u00bb100px\u00a0\u00bb box_shadow_blur=\u00a0\u00bb100px\u00a0\u00bb box_shadow_spread=\u00a0\u00bb-60px\u00a0\u00bb global_colors_info=\u00a0\u00bb{}\u00a0\u00bb][et_pb_column type=\u00a0\u00bb1_3&Prime; _builder_version=\u00a0\u00bb4.20.4&Prime; background_color=\u00a0\u00bbRGBA(255,255,255,0)\u00a0\u00bb custom_padding=\u00a0\u00bb|||\u00a0\u00bb global_colors_info=\u00a0\u00bb{}\u00a0\u00bb custom_padding__hover=\u00a0\u00bb|||\u00a0\u00bb][et_pb_text _builder_version=\u00a0\u00bb4.20.4&Prime; text_font=\u00a0\u00bbLato||||||||\u00a0\u00bb text_font_size=\u00a0\u00bb16px\u00a0\u00bb text_line_height=\u00a0\u00bb1.8em\u00a0\u00bb link_font=\u00a0\u00bb||||||||\u00a0\u00bb link_text_color=\u00a0\u00bb#ffffff\u00a0\u00bb ul_font=\u00a0\u00bb||||||||\u00a0\u00bb ol_font=\u00a0\u00bb||||||||\u00a0\u00bb quote_font=\u00a0\u00bb||||||||\u00a0\u00bb header_font=\u00a0\u00bb||||||||\u00a0\u00bb header_font_size=\u00a0\u00bb40px\u00a0\u00bb header_2_font=\u00a0\u00bbPoppins|700|||||||\u00a0\u00bb header_2_font_size=\u00a0\u00bb30px\u00a0\u00bb header_2_line_height=\u00a0\u00bb1.5em\u00a0\u00bb header_3_font=\u00a0\u00bb||||||||\u00a0\u00bb header_4_font=\u00a0\u00bbLato|700|||||||\u00a0\u00bb header_4_font_size=\u00a0\u00bb16px\u00a0\u00bb header_4_line_height=\u00a0\u00bb1.5em\u00a0\u00bb header_5_font=\u00a0\u00bb||||||||\u00a0\u00bb header_6_font=\u00a0\u00bb||||||||\u00a0\u00bb background_layout=\u00a0\u00bbdark\u00a0\u00bb custom_margin=\u00a0\u00bb|||\u00a0\u00bb custom_padding=\u00a0\u00bb|||\u00a0\u00bb header_font_size_tablet=\u00a0\u00bb30px\u00a0\u00bb header_font_size_phone=\u00a0\u00bb24px\u00a0\u00bb header_font_size_last_edited=\u00a0\u00bbon|phone\u00a0\u00bb header_2_font_size_tablet=\u00a0\u00bb30px\u00a0\u00bb header_2_font_size_phone=\u00a0\u00bb\u00a0\u00bb header_2_font_size_last_edited=\u00a0\u00bbon|tablet\u00a0\u00bb locked=\u00a0\u00bboff\u00a0\u00bb global_colors_info=\u00a0\u00bb{}\u00a0\u00bb]<\/p>\n<h2 style=\"text-align: center;\">Habitat<\/h2>\n<p style=\"text-align: center;\">Pour vous conseiller au mieux, merci de nous remplir le formulaire ci-contre. Nous \u00e9tudierons vos informations et reviendrons vers vous rapidement.<\/p>\n<p>[\/et_pb_text][\/et_pb_column][et_pb_column type=\u00a0\u00bb2_3&Prime; _builder_version=\u00a0\u00bb4.16&Prime; custom_padding=\u00a0\u00bb|||\u00a0\u00bb global_colors_info=\u00a0\u00bb{}\u00a0\u00bb custom_padding__hover=\u00a0\u00bb|||\u00a0\u00bb][et_pb_contact_form email=\u00a0\u00bbas.macharinow@gmail.com\u00a0\u00bb title=\u00a0\u00bbDemande de devis assurance habitation\u00a0\u00bb custom_message=\u00a0\u00bbUne nouvelle demande de devis emprunteur :||et_pb_line_break_holder||||et_pb_line_break_holder||Civilit\u00e9 : %%Civilit\u00e9%%||et_pb_line_break_holder||Nom : %%Nom%%||et_pb_line_break_holder||Pr\u00e9nom : %%Pr\u00e9nom%%||et_pb_line_break_holder||Date de naissance : %%Date_de_naissance%%||et_pb_line_break_holder||Lieu de naissance : %%Lieu_de_naissance%%||et_pb_line_break_holder||Adresse du bien : %%Adresse_du_bien%%||et_pb_line_break_holder||Statut : %%Proprietaire_locataire_etudiant%%||et_pb_line_break_holder||R\u00e9sidence principale : %%Principale%%||et_pb_line_break_holder||R\u00e9sidence secondaire : %%Secondaire%%||et_pb_line_break_holder||Appartement : %%Appartement%%||et_pb_line_break_holder||Immeuble : %%Immeuble%%||et_pb_line_break_holder||Nombre de pi\u00e8ces : %%Nbre_pieces%%||et_pb_line_break_holder||D\u00e9pendance : %%Dependance%%||et_pb_line_break_holder||Energie renouvelable : %%Energie%%||et_pb_line_break_holder||Piscine : %%Piscine%%||et_pb_line_break_holder||Chemin\u00e9e : %%Cheminee%%||et_pb_line_break_holder||Formule avec franchise : %%Franchise%%||et_pb_line_break_holder||T\u00e9l\u00e9phone : %%T\u00e9l\u00e9phone%%||et_pb_line_break_holder||E-mail : %%E-mail%%||et_pb_line_break_holder||Souhaite recevoir les offres : %%Recevoir_offres_par_e-mail%%\u00a0\u00bb success_message=\u00a0\u00bbMerci beaucoup pour votre message. Nous revenons vers vous tr\u00e8s prochainement.\u00a0\u00bb module_id=\u00a0\u00bbet_pb_contact_form_0&Prime; _builder_version=\u00a0\u00bb4.20.4&Prime; form_field_background_color=\u00a0\u00bbrgba(0,0,0,0.1)\u00a0\u00bb form_field_text_color=\u00a0\u00bb#ffffff\u00a0\u00bb title_level=\u00a0\u00bbh2&Prime; title_font=\u00a0\u00bb||||||||\u00a0\u00bb title_text_align=\u00a0\u00bbcenter\u00a0\u00bb title_text_color=\u00a0\u00bb#FFFFFF\u00a0\u00bb title_font_size=\u00a0\u00bb35px\u00a0\u00bb title_line_height=\u00a0\u00bb1.5em\u00a0\u00bb form_field_font=\u00a0\u00bb||||||||\u00a0\u00bb form_field_font_size=\u00a0\u00bb16px\u00a0\u00bb form_field_line_height=\u00a0\u00bb1.5em\u00a0\u00bb custom_button=\u00a0\u00bbon\u00a0\u00bb button_text_size=\u00a0\u00bb16px\u00a0\u00bb button_text_color=\u00a0\u00bb#3DB8CC\u00a0\u00bb button_bg_color=\u00a0\u00bb#ffffff\u00a0\u00bb button_border_width=\u00a0\u00bb10px\u00a0\u00bb button_border_color=\u00a0\u00bbrgba(210,159,104,0)\u00a0\u00bb button_border_radius=\u00a0\u00bb100px\u00a0\u00bb button_font=\u00a0\u00bbLato|900|||||||\u00a0\u00bb button_use_icon=\u00a0\u00bboff\u00a0\u00bb max_width=\u00a0\u00bb750px\u00a0\u00bb max_width_last_edited=\u00a0\u00bboff|desktop\u00a0\u00bb module_alignment=\u00a0\u00bbcenter\u00a0\u00bb custom_margin=\u00a0\u00bb|||\u00a0\u00bb custom_margin_tablet=\u00a0\u00bb|50px||50px\u00a0\u00bb custom_margin_phone=\u00a0\u00bb|50px||50px\u00a0\u00bb custom_margin_last_edited=\u00a0\u00bboff|desktop\u00a0\u00bb hover_enabled=\u00a0\u00bb0&Prime; form_background_color=\u00a0\u00bbrgba(0,0,0,0.1)\u00a0\u00bb global_colors_info=\u00a0\u00bb{}\u00a0\u00bb sticky_enabled=\u00a0\u00bb0&Prime;][et_pb_contact_field field_id=\u00a0\u00bbCivilit\u00e9\u00a0\u00bb field_title=\u00a0\u00bbCivilit\u00e9\u00a0\u00bb fullwidth_field=\u00a0\u00bbon\u00a0\u00bb _builder_version=\u00a0\u00bb4.20.4&Prime; _module_preset=\u00a0\u00bbdefault\u00a0\u00bb global_colors_info=\u00a0\u00bb{}\u00a0\u00bb][\/et_pb_contact_field][et_pb_contact_field field_id=\u00a0\u00bbNom\u00a0\u00bb field_title=\u00a0\u00bbNom\u00a0\u00bb fullwidth_field=\u00a0\u00bbon\u00a0\u00bb _builder_version=\u00a0\u00bb4.20.4&Prime; _module_preset=\u00a0\u00bbdefault\u00a0\u00bb global_colors_info=\u00a0\u00bb{}\u00a0\u00bb][\/et_pb_contact_field][et_pb_contact_field field_id=\u00a0\u00bbPr\u00e9nom\u00a0\u00bb field_title=\u00a0\u00bbPr\u00e9nom\u00a0\u00bb fullwidth_field=\u00a0\u00bbon\u00a0\u00bb _builder_version=\u00a0\u00bb4.20.4&Prime; _module_preset=\u00a0\u00bbdefault\u00a0\u00bb global_colors_info=\u00a0\u00bb{}\u00a0\u00bb][\/et_pb_contact_field][et_pb_contact_field field_id=\u00a0\u00bbDate_de_naissance\u00a0\u00bb field_title=\u00a0\u00bbDate de naissance\u00a0\u00bb fullwidth_field=\u00a0\u00bbon\u00a0\u00bb _builder_version=\u00a0\u00bb4.20.4&Prime; _module_preset=\u00a0\u00bbdefault\u00a0\u00bb global_colors_info=\u00a0\u00bb{}\u00a0\u00bb][\/et_pb_contact_field][et_pb_contact_field field_id=\u00a0\u00bbLieu_de_naissance\u00a0\u00bb field_title=\u00a0\u00bbLieu de naissance\u00a0\u00bb fullwidth_field=\u00a0\u00bbon\u00a0\u00bb _builder_version=\u00a0\u00bb4.20.4&Prime; _module_preset=\u00a0\u00bbdefault\u00a0\u00bb global_colors_info=\u00a0\u00bb{}\u00a0\u00bb][\/et_pb_contact_field][et_pb_contact_field field_id=\u00a0\u00bbAdresse_du_bien\u00a0\u00bb field_title=\u00a0\u00bbAdresse du bien\u00a0\u00bb fullwidth_field=\u00a0\u00bbon\u00a0\u00bb _builder_version=\u00a0\u00bb4.20.4&Prime; _module_preset=\u00a0\u00bbdefault\u00a0\u00bb global_colors_info=\u00a0\u00bb{}\u00a0\u00bb][\/et_pb_contact_field][et_pb_contact_field field_id=\u00a0\u00bbProprietaire_locataire_etudiant\u00a0\u00bb field_title=\u00a0\u00bbPropri\u00e9taire ou Locataire ou Etudiant\u00a0\u00bb field_type=\u00a0\u00bbradio\u00a0\u00bb radio_options=\u00a0\u00bb%91{%22value%22:%22Propri\u00e9taire%22,%22checked%22:0,%22dragID%22:-1},{%22value%22:%22Locataire%22,%22checked%22:0,%22dragID%22:0},{%22value%22:%22Etudiant%22,%22checked%22:0,%22dragID%22:1}%93&Prime; fullwidth_field=\u00a0\u00bbon\u00a0\u00bb _builder_version=\u00a0\u00bb4.20.4&Prime; _module_preset=\u00a0\u00bbdefault\u00a0\u00bb form_field_text_color=\u00a0\u00bb#FFFFFF\u00a0\u00bb form_field_font=\u00a0\u00bb||||||||\u00a0\u00bb global_colors_info=\u00a0\u00bb{}\u00a0\u00bb][\/et_pb_contact_field][et_pb_contact_field field_id=\u00a0\u00bbPrincipale\u00a0\u00bb field_title=\u00a0\u00bbR\u00e9sidence principale\u00a0\u00bb field_type=\u00a0\u00bbradio\u00a0\u00bb radio_options=\u00a0\u00bb%91{%22value%22:%22OUI%22,%22checked%22:0,%22dragID%22:-1},{%22value%22:%22NON%22,%22checked%22:0,%22dragID%22:0}%93&Prime; fullwidth_field=\u00a0\u00bbon\u00a0\u00bb _builder_version=\u00a0\u00bb4.20.4&Prime; _module_preset=\u00a0\u00bbdefault\u00a0\u00bb global_colors_info=\u00a0\u00bb{}\u00a0\u00bb][\/et_pb_contact_field][et_pb_contact_field field_id=\u00a0\u00bbSecondaire\u00a0\u00bb field_title=\u00a0\u00bbR\u00e9sidence secondaire\u00a0\u00bb field_type=\u00a0\u00bbradio\u00a0\u00bb radio_options=\u00a0\u00bb%91{%22value%22:%22OUI%22,%22checked%22:0,%22dragID%22:-1},{%22value%22:%22NON%22,%22checked%22:0,%22dragID%22:0}%93&Prime; fullwidth_field=\u00a0\u00bbon\u00a0\u00bb _builder_version=\u00a0\u00bb4.20.4&Prime; _module_preset=\u00a0\u00bbdefault\u00a0\u00bb global_colors_info=\u00a0\u00bb{}\u00a0\u00bb][\/et_pb_contact_field][et_pb_contact_field field_id=\u00a0\u00bbAppartement\u00a0\u00bb field_title=\u00a0\u00bbAppartement\u00a0\u00bb field_type=\u00a0\u00bbradio\u00a0\u00bb radio_options=\u00a0\u00bb%91{%22value%22:%22OUI%22,%22checked%22:0,%22dragID%22:-1},{%22value%22:%22NON%22,%22checked%22:0,%22dragID%22:0}%93&Prime; fullwidth_field=\u00a0\u00bbon\u00a0\u00bb _builder_version=\u00a0\u00bb4.20.4&Prime; _module_preset=\u00a0\u00bbdefault\u00a0\u00bb global_colors_info=\u00a0\u00bb{}\u00a0\u00bb][\/et_pb_contact_field][et_pb_contact_field field_id=\u00a0\u00bbImmeuble\u00a0\u00bb field_title=\u00a0\u00bbImmeuble\u00a0\u00bb field_type=\u00a0\u00bbradio\u00a0\u00bb radio_options=\u00a0\u00bb%91{%22value%22:%22OUI%22,%22checked%22:0,%22dragID%22:-1},{%22value%22:%22NON%22,%22checked%22:0,%22dragID%22:0}%93&Prime; fullwidth_field=\u00a0\u00bbon\u00a0\u00bb _builder_version=\u00a0\u00bb4.20.4&Prime; _module_preset=\u00a0\u00bbdefault\u00a0\u00bb global_colors_info=\u00a0\u00bb{}\u00a0\u00bb][\/et_pb_contact_field][et_pb_contact_field field_id=\u00a0\u00bbNbre_pieces\u00a0\u00bb field_title=\u00a0\u00bbNb de pi\u00e8ces principales (de +9m2 et moins de 40M2)\u00a0\u00bb allowed_symbols=\u00a0\u00bbnumbers\u00a0\u00bb fullwidth_field=\u00a0\u00bbon\u00a0\u00bb _builder_version=\u00a0\u00bb4.20.4&Prime; _module_preset=\u00a0\u00bbdefault\u00a0\u00bb global_colors_info=\u00a0\u00bb{}\u00a0\u00bb][\/et_pb_contact_field][et_pb_contact_field field_id=\u00a0\u00bbDependance\u00a0\u00bb field_title=\u00a0\u00bbD\u00e9pendance\u00a0\u00bb field_type=\u00a0\u00bbradio\u00a0\u00bb radio_options=\u00a0\u00bb%91{%22value%22:%22OUI%22,%22checked%22:0,%22dragID%22:-1},{%22value%22:%22NON%22,%22checked%22:0,%22dragID%22:0}%93&Prime; fullwidth_field=\u00a0\u00bbon\u00a0\u00bb _builder_version=\u00a0\u00bb4.20.4&Prime; _module_preset=\u00a0\u00bbdefault\u00a0\u00bb global_colors_info=\u00a0\u00bb{}\u00a0\u00bb][\/et_pb_contact_field][et_pb_contact_field field_id=\u00a0\u00bbEnergie\u00a0\u00bb field_title=\u00a0\u00bbEnergie renouvelable\u00a0\u00bb field_type=\u00a0\u00bbradio\u00a0\u00bb radio_options=\u00a0\u00bb%91{%22value%22:%22OUI%22,%22checked%22:0,%22dragID%22:-1},{%22value%22:%22NON%22,%22checked%22:0,%22dragID%22:0}%93&Prime; fullwidth_field=\u00a0\u00bbon\u00a0\u00bb _builder_version=\u00a0\u00bb4.20.4&Prime; _module_preset=\u00a0\u00bbdefault\u00a0\u00bb global_colors_info=\u00a0\u00bb{}\u00a0\u00bb][\/et_pb_contact_field][et_pb_contact_field field_id=\u00a0\u00bbPiscine\u00a0\u00bb field_title=\u00a0\u00bbPiscine\u00a0\u00bb field_type=\u00a0\u00bbradio\u00a0\u00bb radio_options=\u00a0\u00bb%91{%22value%22:%22OUI%22,%22checked%22:0,%22dragID%22:-1},{%22value%22:%22NON%22,%22checked%22:0,%22dragID%22:0}%93&Prime; fullwidth_field=\u00a0\u00bbon\u00a0\u00bb _builder_version=\u00a0\u00bb4.20.4&Prime; _module_preset=\u00a0\u00bbdefault\u00a0\u00bb global_colors_info=\u00a0\u00bb{}\u00a0\u00bb][\/et_pb_contact_field][et_pb_contact_field field_id=\u00a0\u00bbCheminee\u00a0\u00bb field_title=\u00a0\u00bbChemin\u00e9e\u00a0\u00bb field_type=\u00a0\u00bbradio\u00a0\u00bb radio_options=\u00a0\u00bb%91{%22value%22:%22OUI%22,%22checked%22:0,%22dragID%22:-1},{%22value%22:%22NON%22,%22checked%22:0,%22dragID%22:0}%93&Prime; fullwidth_field=\u00a0\u00bbon\u00a0\u00bb _builder_version=\u00a0\u00bb4.20.4&Prime; _module_preset=\u00a0\u00bbdefault\u00a0\u00bb global_colors_info=\u00a0\u00bb{}\u00a0\u00bb][\/et_pb_contact_field][et_pb_contact_field field_id=\u00a0\u00bbFranchise\u00a0\u00bb field_title=\u00a0\u00bbFormule avec franchise\u00a0\u00bb field_type=\u00a0\u00bbradio\u00a0\u00bb radio_options=\u00a0\u00bb%91{%22value%22:%22OUI%22,%22checked%22:0,%22dragID%22:-1},{%22value%22:%22NON%22,%22checked%22:0,%22dragID%22:0}%93&Prime; fullwidth_field=\u00a0\u00bbon\u00a0\u00bb _builder_version=\u00a0\u00bb4.20.4&Prime; _module_preset=\u00a0\u00bbdefault\u00a0\u00bb global_colors_info=\u00a0\u00bb{}\u00a0\u00bb][\/et_pb_contact_field][et_pb_contact_field field_id=\u00a0\u00bbT\u00e9l\u00e9phone\u00a0\u00bb field_title=\u00a0\u00bbT\u00e9l\u00e9phone\u00a0\u00bb allowed_symbols=\u00a0\u00bbnumbers\u00a0\u00bb fullwidth_field=\u00a0\u00bbon\u00a0\u00bb _builder_version=\u00a0\u00bb4.20.4&Prime; _module_preset=\u00a0\u00bbdefault\u00a0\u00bb global_colors_info=\u00a0\u00bb{}\u00a0\u00bb][\/et_pb_contact_field][et_pb_contact_field field_id=\u00a0\u00bbE-mail\u00a0\u00bb field_title=\u00a0\u00bbE-mail\u00a0\u00bb field_type=\u00a0\u00bbemail\u00a0\u00bb fullwidth_field=\u00a0\u00bbon\u00a0\u00bb _builder_version=\u00a0\u00bb4.20.4&Prime; _module_preset=\u00a0\u00bbdefault\u00a0\u00bb global_colors_info=\u00a0\u00bb{}\u00a0\u00bb][\/et_pb_contact_field][et_pb_contact_field field_id=\u00a0\u00bbRecevoir_offres_par_e-mail\u00a0\u00bb field_title=\u00a0\u00bbJe souhaite recevoir des offres par e-mail\u00a0\u00bb field_type=\u00a0\u00bbcheckbox\u00a0\u00bb checkbox_options=\u00a0\u00bb%91{%22value%22:%22Oui j&rsquo;accepte%22,%22checked%22:0,%22dragID%22:-1}%93&Prime; fullwidth_field=\u00a0\u00bbon\u00a0\u00bb _builder_version=\u00a0\u00bb4.20.4&Prime; _module_preset=\u00a0\u00bbdefault\u00a0\u00bb global_colors_info=\u00a0\u00bb{}\u00a0\u00bb][\/et_pb_contact_field][\/et_pb_contact_form][\/et_pb_column][\/et_pb_row][et_pb_row _builder_version=\u00a0\u00bb4.20.4&Prime; _module_preset=\u00a0\u00bbdefault\u00a0\u00bb global_colors_info=\u00a0\u00bb{}\u00a0\u00bb][et_pb_column type=\u00a0\u00bb4_4&Prime; _builder_version=\u00a0\u00bb4.20.4&Prime; _module_preset=\u00a0\u00bbdefault\u00a0\u00bb global_colors_info=\u00a0\u00bb{}\u00a0\u00bb][et_pb_text _builder_version=\u00a0\u00bb4.20.4&Prime; _module_preset=\u00a0\u00bbdefault\u00a0\u00bb global_colors_info=\u00a0\u00bb{}\u00a0\u00bb]<\/p>\n<p style=\"text-align: center;\">Nous collectons ces donn\u00e9es afin de vous adresser par courriel le devis que vous avez sollicit\u00e9.<\/p>\n<div style=\"text-align: center;\"><span style=\"color: #333399;\"><a href=\"https:\/\/lscourtage87.fr\/index.php\/mentions-legales\/\" style=\"color: #333399;\"><u>En savoir plus sur la gestion de vos donn\u00e9es et vos droits en cliquant ici<\/u><\/a><\/span><\/div>\n<p>[\/et_pb_text][\/et_pb_column][\/et_pb_row][\/et_pb_section]<\/p>\n","protected":false},"excerpt":{"rendered":"<p>Vous souhaitez b\u00e9n\u00e9ficier de nos conseils ? Laissez-nous un message avec votre demande, nous reviendrons vers vous rapidementHabitat Pour vous conseiller au mieux, merci de nous remplir le formulaire ci-contre. Nous \u00e9tudierons vos informations et reviendrons vers vous rapidement.Nous collectons ces donn\u00e9es afin de vous adresser par courriel le devis que vous avez sollicit\u00e9. En [&hellip;]<\/p>\n","protected":false},"author":1,"featured_media":0,"parent":0,"menu_order":0,"comment_status":"closed","ping_status":"closed","template":"","meta":{"_et_pb_use_builder":"on","_et_pb_old_content":"","_et_gb_content_width":"","footnotes":""},"class_list":["post-347","page","type-page","status-publish","hentry"],"_links":{"self":[{"href":"https:\/\/lscourtage87.fr\/index.php\/wp-json\/wp\/v2\/pages\/347","targetHints":{"allow":["GET"]}}],"collection":[{"href":"https:\/\/lscourtage87.fr\/index.php\/wp-json\/wp\/v2\/pages"}],"about":[{"href":"https:\/\/lscourtage87.fr\/index.php\/wp-json\/wp\/v2\/types\/page"}],"author":[{"embeddable":true,"href":"https:\/\/lscourtage87.fr\/index.php\/wp-json\/wp\/v2\/users\/1"}],"replies":[{"embeddable":true,"href":"https:\/\/lscourtage87.fr\/index.php\/wp-json\/wp\/v2\/comments?post=347"}],"version-history":[{"count":4,"href":"https:\/\/lscourtage87.fr\/index.php\/wp-json\/wp\/v2\/pages\/347\/revisions"}],"predecessor-version":[{"id":354,"href":"https:\/\/lscourtage87.fr\/index.php\/wp-json\/wp\/v2\/pages\/347\/revisions\/354"}],"wp:attachment":[{"href":"https:\/\/lscourtage87.fr\/index.php\/wp-json\/wp\/v2\/media?parent=347"}],"curies":[{"name":"wp","href":"https:\/\/api.w.org\/{rel}","templated":true}]}}