{"id":29,"date":"2023-04-12T15:40:32","date_gmt":"2023-04-12T13:40:32","guid":{"rendered":"https:\/\/lscourtage87.fr\/?page_id=29"},"modified":"2023-04-13T15:40:53","modified_gmt":"2023-04-13T13:40:53","slug":"services","status":"publish","type":"page","link":"https:\/\/lscourtage87.fr\/index.php\/services\/","title":{"rendered":"Pr\u00e9sentation"},"content":{"rendered":"<p>[et_pb_section fb_built=\u00a0\u00bb1&Prime; admin_label=\u00a0\u00bbFeatures\u00a0\u00bb _builder_version=\u00a0\u00bb4.16&Prime; custom_padding=\u00a0\u00bb0|0px|0px|0px|false|false\u00a0\u00bb global_colors_info=\u00a0\u00bb{}\u00a0\u00bb][et_pb_row column_structure=\u00a0\u00bb1_2,1_2&Prime; use_custom_gutter=\u00a0\u00bbon\u00a0\u00bb custom_padding_last_edited=\u00a0\u00bbon|tablet\u00a0\u00bb padding_top_bottom_link_2=\u00a0\u00bbtrue\u00a0\u00bb padding_left_right_link_2=\u00a0\u00bbfalse\u00a0\u00bb _builder_version=\u00a0\u00bb4.16&Prime; width=\u00a0\u00bb100%\u00a0\u00bb max_width=\u00a0\u00bb100%\u00a0\u00bb module_alignment=\u00a0\u00bbleft\u00a0\u00bb custom_margin=\u00a0\u00bb||40px||false\u00a0\u00bb custom_padding=\u00a0\u00bb0|12%|0|0px|false|false\u00a0\u00bb custom_padding_tablet=\u00a0\u00bb|0%||\u00a0\u00bb custom_padding_phone=\u00a0\u00bb\u00a0\u00bb use_custom_width=\u00a0\u00bbon\u00a0\u00bb width_unit=\u00a0\u00bboff\u00a0\u00bb custom_width_percent=\u00a0\u00bb100%\u00a0\u00bb locked=\u00a0\u00bboff\u00a0\u00bb global_colors_info=\u00a0\u00bb{}\u00a0\u00bb][et_pb_column type=\u00a0\u00bb1_2&Prime; _builder_version=\u00a0\u00bb4.16&Prime; custom_padding=\u00a0\u00bb|||\u00a0\u00bb global_colors_info=\u00a0\u00bb{}\u00a0\u00bb custom_padding__hover=\u00a0\u00bb|||\u00a0\u00bb][et_pb_image src=\u00a0\u00bbhttps:\/\/lscourtage87.fr\/wp-content\/uploads\/2023\/04\/Equipe-lscourtage87.jpg\u00a0\u00bb force_fullwidth=\u00a0\u00bbon\u00a0\u00bb align_tablet=\u00a0\u00bbcenter\u00a0\u00bb align_phone=\u00a0\u00bbcenter\u00a0\u00bb align_last_edited=\u00a0\u00bbon|desktop\u00a0\u00bb _builder_version=\u00a0\u00bb4.20.4&Prime; use_background_color_gradient=\u00a0\u00bbon\u00a0\u00bb background_color_gradient_direction=\u00a0\u00bb90deg\u00a0\u00bb background_color_gradient_stops=\u00a0\u00bb#404451 80%|rgba(240,242,246,0) 80%\u00a0\u00bb background_color_gradient_start=\u00a0\u00bb#404451&Prime; background_color_gradient_start_position=\u00a0\u00bb80%\u00a0\u00bb background_color_gradient_end=\u00a0\u00bbrgba(240,242,246,0)\u00a0\u00bb background_color_gradient_end_position=\u00a0\u00bb20%\u00a0\u00bb custom_padding=\u00a0\u00bb||20%|\u00a0\u00bb custom_padding_tablet=\u00a0\u00bb||60px|\u00a0\u00bb custom_padding_phone=\u00a0\u00bb\u00a0\u00bb custom_padding_last_edited=\u00a0\u00bbon|desktop\u00a0\u00bb animation_style=\u00a0\u00bbslide\u00a0\u00bb animation_direction=\u00a0\u00bbleft\u00a0\u00bb animation_intensity_slide=\u00a0\u00bb1%\u00a0\u00bb hover_enabled=\u00a0\u00bb0&Prime; box_shadow_style=\u00a0\u00bbpreset3&Prime; box_shadow_vertical=\u00a0\u00bb80px\u00a0\u00bb box_shadow_blur=\u00a0\u00bb80px\u00a0\u00bb box_shadow_spread=\u00a0\u00bb-30px\u00a0\u00bb global_colors_info=\u00a0\u00bb{}\u00a0\u00bb title_text=\u00a0\u00bbEquipe-lscourtage87&Prime; sticky_enabled=\u00a0\u00bb0&Prime;][\/et_pb_image][\/et_pb_column][et_pb_column type=\u00a0\u00bb1_2&Prime; _builder_version=\u00a0\u00bb4.16&Prime; custom_padding=\u00a0\u00bb6vw||6vw|\u00a0\u00bb custom_padding_tablet=\u00a0\u00bb|10%||10%|false|true\u00a0\u00bb custom_padding_phone=\u00a0\u00bb||||false|false\u00a0\u00bb custom_padding_last_edited=\u00a0\u00bbon|tablet\u00a0\u00bb global_colors_info=\u00a0\u00bb{}\u00a0\u00bb padding_phone=\u00a0\u00bb||||false|false\u00a0\u00bb padding_tablet=\u00a0\u00bb|10%||10%|false|true\u00a0\u00bb padding_last_edited=\u00a0\u00bbon|tablet\u00a0\u00bb custom_padding__hover=\u00a0\u00bb|||\u00a0\u00bb][et_pb_text _builder_version=\u00a0\u00bb4.20.4&Prime; text_font=\u00a0\u00bb||||||||\u00a0\u00bb text_font_size=\u00a0\u00bb16px\u00a0\u00bb text_line_height=\u00a0\u00bb1.9em\u00a0\u00bb header_font=\u00a0\u00bb||||||||\u00a0\u00bb header_2_font=\u00a0\u00bbPoppins|700|||||||\u00a0\u00bb header_2_font_size=\u00a0\u00bb40px\u00a0\u00bb header_2_line_height=\u00a0\u00bb1.5em\u00a0\u00bb header_6_font=\u00a0\u00bb||||||||\u00a0\u00bb max_width=\u00a0\u00bb600px\u00a0\u00bb max_width_last_edited=\u00a0\u00bboff|desktop\u00a0\u00bb custom_margin=\u00a0\u00bb|||\u00a0\u00bb custom_padding=\u00a0\u00bb||0px|||\u00a0\u00bb hover_enabled=\u00a0\u00bb0&Prime; header_2_font_size_tablet=\u00a0\u00bb30px\u00a0\u00bb header_2_font_size_phone=\u00a0\u00bb24px\u00a0\u00bb header_2_font_size_last_edited=\u00a0\u00bbon|phone\u00a0\u00bb locked=\u00a0\u00bboff\u00a0\u00bb global_colors_info=\u00a0\u00bb{}\u00a0\u00bb header_2_text_color=\u00a0\u00bb#000000&Prime; sticky_enabled=\u00a0\u00bb0&Prime;]<\/p>\n<h2>Proximit\u00e9, r\u00e9activit\u00e9 et convivialit\u00e9 au sein de notre cabinet\u2026<\/h2>\n<p style=\"text-align: justify;\">Nous sommes Fr\u00e9d\u00e9ric Schmitt et St\u00e9phane Lasbrugnas, associ\u00e9s dans le cabinet LS Courtage 87 depuis mai 2021.<\/p>\n<p style=\"text-align: justify;\">Fr\u00e9d\u00e9ric est entr\u00e9 dans le monde de l\u2019assurance depuis plus de 27 ans en tant que conseiller commercial et St\u00e9phane poss\u00e8de une expertise dans les assurances depuis plus de 13 ans.<\/p>\n<p style=\"text-align: justify;\">Garant de cette grande exp\u00e9rience dans ce domaine, nous vous conseillons avec plaisir, dans le choix de vos solutions d\u2019assurance pour vous apporter une expertise personnalis\u00e9e, professionnelle et rigoureuse.<\/p>\n<p style=\"text-align: justify;\">En tant que particuliers, vous serez guid\u00e9s au plus juste dans vos choix d\u2019\u00e9pargne, retraite, de protection de la famille, et l\u2019ensemble de vos biens.<\/p>\n<p style=\"text-align: justify;\">Pour les professionnels, vous b\u00e9n\u00e9ficierez de propositions adapt\u00e9es \u00e0 vos besoins en protection sociale, salariale, sant\u00e9 retraite\u2026<\/p>\n<p style=\"text-align: justify;\">R\u00e9actif, proche de vous, nous serons toujours pr\u00eats \u00e0 vos c\u00f4t\u00e9s pour vous trouver la meilleure solution.<\/p>\n<p style=\"text-align: justify;\">Alors n\u2019h\u00e9sitez pas, contactez-nous et venez nous rencontrer.<\/p>\n<p style=\"text-align: right;\">\u00a0<em>St\u00e9phane et Fr\u00e9d\u00e9ric<br \/><\/em><em>G\u00e9rants de LS Courtage 87 <sub>\u00a0<\/sub><\/em><\/p>\n<p>[\/et_pb_text][\/et_pb_column][\/et_pb_row][\/et_pb_section]<\/p>\n","protected":false},"excerpt":{"rendered":"<p>Proximit\u00e9, r\u00e9activit\u00e9 et convivialit\u00e9 au sein de notre cabinet\u2026 Nous sommes Fr\u00e9d\u00e9ric Schmitt et St\u00e9phane Lasbrugnas, associ\u00e9s dans le cabinet LS Courtage 87 depuis mai 2021. Fr\u00e9d\u00e9ric est entr\u00e9 dans le monde de l\u2019assurance depuis plus de 27 ans en tant que conseiller commercial et St\u00e9phane poss\u00e8de une expertise dans les assurances depuis plus de [&hellip;]<\/p>\n","protected":false},"author":1,"featured_media":0,"parent":0,"menu_order":0,"comment_status":"closed","ping_status":"closed","template":"","meta":{"_et_pb_use_builder":"on","_et_pb_old_content":"","_et_gb_content_width":"","footnotes":""},"class_list":["post-29","page","type-page","status-publish","hentry"],"_links":{"self":[{"href":"https:\/\/lscourtage87.fr\/index.php\/wp-json\/wp\/v2\/pages\/29","targetHints":{"allow":["GET"]}}],"collection":[{"href":"https:\/\/lscourtage87.fr\/index.php\/wp-json\/wp\/v2\/pages"}],"about":[{"href":"https:\/\/lscourtage87.fr\/index.php\/wp-json\/wp\/v2\/types\/page"}],"author":[{"embeddable":true,"href":"https:\/\/lscourtage87.fr\/index.php\/wp-json\/wp\/v2\/users\/1"}],"replies":[{"embeddable":true,"href":"https:\/\/lscourtage87.fr\/index.php\/wp-json\/wp\/v2\/comments?post=29"}],"version-history":[{"count":5,"href":"https:\/\/lscourtage87.fr\/index.php\/wp-json\/wp\/v2\/pages\/29\/revisions"}],"predecessor-version":[{"id":239,"href":"https:\/\/lscourtage87.fr\/index.php\/wp-json\/wp\/v2\/pages\/29\/revisions\/239"}],"wp:attachment":[{"href":"https:\/\/lscourtage87.fr\/index.php\/wp-json\/wp\/v2\/media?parent=29"}],"curies":[{"name":"wp","href":"https:\/\/api.w.org\/{rel}","templated":true}]}}